{"id":321,"date":"2022-08-27T16:04:39","date_gmt":"2022-08-27T16:04:39","guid":{"rendered":"https:\/\/karimhachemphotographie.com\/?page_id=321"},"modified":"2023-01-02T23:11:53","modified_gmt":"2023-01-02T23:11:53","slug":"evenements","status":"publish","type":"page","link":"https:\/\/karimhachemphotographie.com\/index.php\/evenements\/","title":{"rendered":"Ev\u00e8nements"},"content":{"rendered":"\t\t<div data-elementor-type=\"wp-page\" data-elementor-id=\"321\" class=\"elementor elementor-321\">\n\t\t\t\t\t\t<section class=\"elementor-section elementor-top-section elementor-element elementor-element-6fe02c6c elementor-section-content-middle elementor-section-boxed elementor-section-height-default elementor-section-height-default\" data-id=\"6fe02c6c\" data-element_type=\"section\" data-settings=\"{&quot;background_background&quot;:&quot;classic&quot;}\">\n\t\t\t\t\t\t<div class=\"elementor-container elementor-column-gap-no\">\n\t\t\t\t\t<div class=\"elementor-column elementor-col-33 elementor-top-column elementor-element elementor-element-31cf4629\" data-id=\"31cf4629\" data-element_type=\"column\">\n\t\t\t<div class=\"elementor-widget-wrap elementor-element-populated\">\n\t\t\t\t\t\t<div class=\"elementor-element elementor-element-3c56b2ab elementor-widget elementor-widget-heading\" data-id=\"3c56b2ab\" data-element_type=\"widget\" data-widget_type=\"heading.default\">\n\t\t\t\t<div class=\"elementor-widget-container\">\n\t\t\t<style>\/*! elementor - v3.23.0 - 05-08-2024 *\/\n.elementor-heading-title{padding:0;margin:0;line-height:1}.elementor-widget-heading .elementor-heading-title[class*=elementor-size-]>a{color:inherit;font-size:inherit;line-height:inherit}.elementor-widget-heading .elementor-heading-title.elementor-size-small{font-size:15px}.elementor-widget-heading .elementor-heading-title.elementor-size-medium{font-size:19px}.elementor-widget-heading .elementor-heading-title.elementor-size-large{font-size:29px}.elementor-widget-heading .elementor-heading-title.elementor-size-xl{font-size:39px}.elementor-widget-heading .elementor-heading-title.elementor-size-xxl{font-size:59px}<\/style><h3 class=\"elementor-heading-title elementor-size-default\">Ev\u00e8nements priv\u00e9s<\/h3>\t\t<\/div>\n\t\t\t\t<\/div>\n\t\t\t\t<div class=\"elementor-element elementor-element-10edc687 elementor-widget-divider--view-line elementor-widget elementor-widget-divider\" data-id=\"10edc687\" data-element_type=\"widget\" data-widget_type=\"divider.default\">\n\t\t\t\t<div class=\"elementor-widget-container\">\n\t\t\t<style>\/*! elementor - v3.23.0 - 05-08-2024 *\/\n.elementor-widget-divider{--divider-border-style:none;--divider-border-width:1px;--divider-color:#0c0d0e;--divider-icon-size:20px;--divider-element-spacing:10px;--divider-pattern-height:24px;--divider-pattern-size:20px;--divider-pattern-url:none;--divider-pattern-repeat:repeat-x}.elementor-widget-divider .elementor-divider{display:flex}.elementor-widget-divider .elementor-divider__text{font-size:15px;line-height:1;max-width:95%}.elementor-widget-divider .elementor-divider__element{margin:0 var(--divider-element-spacing);flex-shrink:0}.elementor-widget-divider .elementor-icon{font-size:var(--divider-icon-size)}.elementor-widget-divider .elementor-divider-separator{display:flex;margin:0;direction:ltr}.elementor-widget-divider--view-line_icon .elementor-divider-separator,.elementor-widget-divider--view-line_text .elementor-divider-separator{align-items:center}.elementor-widget-divider--view-line_icon .elementor-divider-separator:after,.elementor-widget-divider--view-line_icon .elementor-divider-separator:before,.elementor-widget-divider--view-line_text .elementor-divider-separator:after,.elementor-widget-divider--view-line_text .elementor-divider-separator:before{display:block;content:\"\";border-block-end:0;flex-grow:1;border-block-start:var(--divider-border-width) var(--divider-border-style) var(--divider-color)}.elementor-widget-divider--element-align-left .elementor-divider .elementor-divider-separator>.elementor-divider__svg:first-of-type{flex-grow:0;flex-shrink:100}.elementor-widget-divider--element-align-left .elementor-divider-separator:before{content:none}.elementor-widget-divider--element-align-left .elementor-divider__element{margin-left:0}.elementor-widget-divider--element-align-right .elementor-divider .elementor-divider-separator>.elementor-divider__svg:last-of-type{flex-grow:0;flex-shrink:100}.elementor-widget-divider--element-align-right .elementor-divider-separator:after{content:none}.elementor-widget-divider--element-align-right .elementor-divider__element{margin-right:0}.elementor-widget-divider--element-align-start .elementor-divider .elementor-divider-separator>.elementor-divider__svg:first-of-type{flex-grow:0;flex-shrink:100}.elementor-widget-divider--element-align-start .elementor-divider-separator:before{content:none}.elementor-widget-divider--element-align-start .elementor-divider__element{margin-inline-start:0}.elementor-widget-divider--element-align-end .elementor-divider .elementor-divider-separator>.elementor-divider__svg:last-of-type{flex-grow:0;flex-shrink:100}.elementor-widget-divider--element-align-end .elementor-divider-separator:after{content:none}.elementor-widget-divider--element-align-end .elementor-divider__element{margin-inline-end:0}.elementor-widget-divider:not(.elementor-widget-divider--view-line_text):not(.elementor-widget-divider--view-line_icon) .elementor-divider-separator{border-block-start:var(--divider-border-width) var(--divider-border-style) var(--divider-color)}.elementor-widget-divider--separator-type-pattern{--divider-border-style:none}.elementor-widget-divider--separator-type-pattern.elementor-widget-divider--view-line .elementor-divider-separator,.elementor-widget-divider--separator-type-pattern:not(.elementor-widget-divider--view-line) .elementor-divider-separator:after,.elementor-widget-divider--separator-type-pattern:not(.elementor-widget-divider--view-line) .elementor-divider-separator:before,.elementor-widget-divider--separator-type-pattern:not([class*=elementor-widget-divider--view]) .elementor-divider-separator{width:100%;min-height:var(--divider-pattern-height);-webkit-mask-size:var(--divider-pattern-size) 100%;mask-size:var(--divider-pattern-size) 100%;-webkit-mask-repeat:var(--divider-pattern-repeat);mask-repeat:var(--divider-pattern-repeat);background-color:var(--divider-color);-webkit-mask-image:var(--divider-pattern-url);mask-image:var(--divider-pattern-url)}.elementor-widget-divider--no-spacing{--divider-pattern-size:auto}.elementor-widget-divider--bg-round{--divider-pattern-repeat:round}.rtl .elementor-widget-divider .elementor-divider__text{direction:rtl}.e-con-inner>.elementor-widget-divider,.e-con>.elementor-widget-divider{width:var(--container-widget-width,100%);--flex-grow:var(--container-widget-flex-grow)}<\/style>\t\t<div class=\"elementor-divider\">\n\t\t\t<span class=\"elementor-divider-separator\">\n\t\t\t\t\t\t<\/span>\n\t\t<\/div>\n\t\t\t\t<\/div>\n\t\t\t\t<\/div>\n\t\t\t\t\t<\/div>\n\t\t<\/div>\n\t\t\t\t<div class=\"elementor-column elementor-col-33 elementor-top-column elementor-element elementor-element-1e586fb\" data-id=\"1e586fb\" data-element_type=\"column\">\n\t\t\t<div class=\"elementor-widget-wrap elementor-element-populated\">\n\t\t\t\t\t\t<div class=\"elementor-element elementor-element-addef57 elementor-widget elementor-widget-image\" data-id=\"addef57\" data-element_type=\"widget\" data-widget_type=\"image.default\">\n\t\t\t\t<div class=\"elementor-widget-container\">\n\t\t\t<style>\/*! elementor - v3.23.0 - 05-08-2024 *\/\n.elementor-widget-image{text-align:center}.elementor-widget-image a{display:inline-block}.elementor-widget-image a img[src$=\".svg\"]{width:48px}.elementor-widget-image img{vertical-align:middle;display:inline-block}<\/style>\t\t\t\t\t\t\t\t\t\t<img fetchpriority=\"high\" width=\"1700\" height=\"1133\" src=\"https:\/\/karimhachemphotographie.com\/wp-content\/uploads\/2022\/08\/15042017-IMG_9890.jpg\" class=\"elementor-animation-grow attachment-full size-full wp-image-314\" alt=\"\" srcset=\"https:\/\/karimhachemphotographie.com\/wp-content\/uploads\/2022\/08\/15042017-IMG_9890.jpg 1700w, https:\/\/karimhachemphotographie.com\/wp-content\/uploads\/2022\/08\/15042017-IMG_9890-300x200.jpg 300w, https:\/\/karimhachemphotographie.com\/wp-content\/uploads\/2022\/08\/15042017-IMG_9890-1024x682.jpg 1024w, https:\/\/karimhachemphotographie.com\/wp-content\/uploads\/2022\/08\/15042017-IMG_9890-768x512.jpg 768w, https:\/\/karimhachemphotographie.com\/wp-content\/uploads\/2022\/08\/15042017-IMG_9890-1536x1024.jpg 1536w\" sizes=\"(max-width: 1700px) 100vw, 1700px\" \/>\t\t\t\t\t\t\t\t\t\t\t\t\t<\/div>\n\t\t\t\t<\/div>\n\t\t\t\t<div class=\"elementor-element elementor-element-483751a8 elementor-widget elementor-widget-text-editor\" data-id=\"483751a8\" data-element_type=\"widget\" data-widget_type=\"text-editor.default\">\n\t\t\t\t<div class=\"elementor-widget-container\">\n\t\t\t<style>\/*! elementor - v3.23.0 - 05-08-2024 *\/\n.elementor-widget-text-editor.elementor-drop-cap-view-stacked .elementor-drop-cap{background-color:#69727d;color:#fff}.elementor-widget-text-editor.elementor-drop-cap-view-framed .elementor-drop-cap{color:#69727d;border:3px solid;background-color:transparent}.elementor-widget-text-editor:not(.elementor-drop-cap-view-default) .elementor-drop-cap{margin-top:8px}.elementor-widget-text-editor:not(.elementor-drop-cap-view-default) .elementor-drop-cap-letter{width:1em;height:1em}.elementor-widget-text-editor .elementor-drop-cap{float:left;text-align:center;line-height:1;font-size:50px}.elementor-widget-text-editor .elementor-drop-cap-letter{display:inline-block}<\/style>\t\t\t\t<p>J&rsquo;aurai \u00e0 coeur de couvrir tous vos \u00e9v\u00e8nements priv\u00e9s. Anniversaires, babyshower, enterrement de vie de jeune fille gar\u00e7on, d\u00e9part retraite &#8230; Confiez moi cette mission pour capturer vos meilleurs moments. <br>Ne r\u00e9servez pas cette mission \u00e0 un de vos invit\u00e9s \u00e0 moins que celui ci soit photographe.&nbsp;<\/p>\t\t\t\t\t\t<\/div>\n\t\t\t\t<\/div>\n\t\t\t\t\t<\/div>\n\t\t<\/div>\n\t\t\t\t<div class=\"elementor-column elementor-col-33 elementor-top-column elementor-element elementor-element-22ee8a1c\" data-id=\"22ee8a1c\" data-element_type=\"column\">\n\t\t\t<div class=\"elementor-widget-wrap elementor-element-populated\">\n\t\t\t\t\t\t<div class=\"elementor-element elementor-element-1d41504 elementor-widget elementor-widget-text-editor\" data-id=\"1d41504\" data-element_type=\"widget\" data-widget_type=\"text-editor.default\">\n\t\t\t\t<div class=\"elementor-widget-container\">\n\t\t\t\t\t\t\t<p>Chaque invit\u00e9 doit participer pleinement \u00e0 votre f\u00eate. <br \/>Un reportage photo se composera de moments forts de votre \u00e9v\u00e8nement, de sc\u00e8nes que vous n&rsquo;avez probablement pas vue, de portraits d&rsquo;invit\u00e9s, de photos de groupes &#8230; Chaque image sera pens\u00e9e et travaill\u00e9e\u00a0 de mani\u00e8re professionnelle. Vous aurez m\u00eame plaisir d&rsquo;en accrocher certaines sur vos murs &#8230;<\/p>\t\t\t\t\t\t<\/div>\n\t\t\t\t<\/div>\n\t\t\t\t<div class=\"elementor-element elementor-element-361f457d elementor-widget elementor-widget-image\" data-id=\"361f457d\" data-element_type=\"widget\" data-widget_type=\"image.default\">\n\t\t\t\t<div class=\"elementor-widget-container\">\n\t\t\t\t\t\t\t\t\t\t\t\t\t<img width=\"1600\" height=\"1067\" src=\"https:\/\/karimhachemphotographie.com\/wp-content\/uploads\/2022\/10\/MG_1769.jpg\" class=\"elementor-animation-grow attachment-full size-full wp-image-2219\" alt=\"\" srcset=\"https:\/\/karimhachemphotographie.com\/wp-content\/uploads\/2022\/10\/MG_1769.jpg 1600w, https:\/\/karimhachemphotographie.com\/wp-content\/uploads\/2022\/10\/MG_1769-300x200.jpg 300w, https:\/\/karimhachemphotographie.com\/wp-content\/uploads\/2022\/10\/MG_1769-1024x683.jpg 1024w, https:\/\/karimhachemphotographie.com\/wp-content\/uploads\/2022\/10\/MG_1769-768x512.jpg 768w, https:\/\/karimhachemphotographie.com\/wp-content\/uploads\/2022\/10\/MG_1769-1536x1024.jpg 1536w\" sizes=\"(max-width: 1600px) 100vw, 1600px\" \/>\t\t\t\t\t\t\t\t\t\t\t\t\t<\/div>\n\t\t\t\t<\/div>\n\t\t\t\t\t<\/div>\n\t\t<\/div>\n\t\t\t\t\t<\/div>\n\t\t<\/section>\n\t\t\t\t<section class=\"elementor-section elementor-top-section elementor-element elementor-element-12773fb5 elementor-section-boxed elementor-section-height-default elementor-section-height-default\" data-id=\"12773fb5\" data-element_type=\"section\" data-settings=\"{&quot;background_background&quot;:&quot;classic&quot;}\">\n\t\t\t\t\t\t<div class=\"elementor-container elementor-column-gap-default\">\n\t\t\t\t\t<div class=\"elementor-column elementor-col-100 elementor-top-column elementor-element elementor-element-28c3a417\" data-id=\"28c3a417\" data-element_type=\"column\">\n\t\t\t<div class=\"elementor-widget-wrap elementor-element-populated\">\n\t\t\t\t\t\t<div class=\"elementor-element elementor-element-7b0f85a1 elementor-widget elementor-widget-heading\" data-id=\"7b0f85a1\" data-element_type=\"widget\" data-widget_type=\"heading.default\">\n\t\t\t\t<div class=\"elementor-widget-container\">\n\t\t\t<h2 class=\"elementor-heading-title elementor-size-default\">Anniversaires<\/h2>\t\t<\/div>\n\t\t\t\t<\/div>\n\t\t\t\t<div class=\"elementor-element elementor-element-250f74c7 elementor-icon-list--layout-traditional elementor-list-item-link-full_width elementor-widget elementor-widget-icon-list\" data-id=\"250f74c7\" data-element_type=\"widget\" data-widget_type=\"icon-list.default\">\n\t\t\t\t<div class=\"elementor-widget-container\">\n\t\t\t<link rel=\"stylesheet\" href=\"https:\/\/karimhachemphotographie.com\/wp-content\/plugins\/elementor\/assets\/css\/widget-icon-list.min.css\">\t\t<ul class=\"elementor-icon-list-items\">\n\t\t\t\t\t\t\t<li class=\"elementor-icon-list-item\">\n\t\t\t\t\t\t\t\t\t\t\t<span class=\"elementor-icon-list-icon\">\n\t\t\t\t\t\t\t<i aria-hidden=\"true\" class=\"fas fa-check\"><\/i>\t\t\t\t\t\t<\/span>\n\t\t\t\t\t\t\t\t\t\t<span class=\"elementor-icon-list-text\">Prise de vue Int\u00e9rieur ou Ext\u00e9rieur<\/span>\n\t\t\t\t\t\t\t\t\t<\/li>\n\t\t\t\t\t\t\t\t<li class=\"elementor-icon-list-item\">\n\t\t\t\t\t\t\t\t\t\t\t<span class=\"elementor-icon-list-icon\">\n\t\t\t\t\t\t\t<i aria-hidden=\"true\" class=\"fas fa-check\"><\/i>\t\t\t\t\t\t<\/span>\n\t\t\t\t\t\t\t\t\t\t<span class=\"elementor-icon-list-text\">50 photos trait\u00e9es<\/span>\n\t\t\t\t\t\t\t\t\t<\/li>\n\t\t\t\t\t\t\t\t<li class=\"elementor-icon-list-item\">\n\t\t\t\t\t\t\t\t\t\t\t<span class=\"elementor-icon-list-icon\">\n\t\t\t\t\t\t\t<i aria-hidden=\"true\" class=\"fas fa-check\"><\/i>\t\t\t\t\t\t<\/span>\n\t\t\t\t\t\t\t\t\t\t<span class=\"elementor-icon-list-text\">Galerie web<\/span>\n\t\t\t\t\t\t\t\t\t<\/li>\n\t\t\t\t\t\t<\/ul>\n\t\t\t\t<\/div>\n\t\t\t\t<\/div>\n\t\t\t\t<div class=\"elementor-element elementor-element-1c794518 elementor-widget elementor-widget-heading\" data-id=\"1c794518\" data-element_type=\"widget\" data-widget_type=\"heading.default\">\n\t\t\t\t<div class=\"elementor-widget-container\">\n\t\t\t<h2 class=\"elementor-heading-title elementor-size-default\">350 \u20ac<\/h2>\t\t<\/div>\n\t\t\t\t<\/div>\n\t\t\t\t<div class=\"elementor-element elementor-element-71352449 elementor-widget elementor-widget-heading\" data-id=\"71352449\" data-element_type=\"widget\" data-widget_type=\"heading.default\">\n\t\t\t\t<div class=\"elementor-widget-container\">\n\t\t\t<h2 class=\"elementor-heading-title elementor-size-default\">Baby Shower<\/h2>\t\t<\/div>\n\t\t\t\t<\/div>\n\t\t\t\t<div class=\"elementor-element elementor-element-35f732f0 elementor-icon-list--layout-traditional elementor-list-item-link-full_width elementor-widget elementor-widget-icon-list\" data-id=\"35f732f0\" data-element_type=\"widget\" data-widget_type=\"icon-list.default\">\n\t\t\t\t<div class=\"elementor-widget-container\">\n\t\t\t\t\t<ul class=\"elementor-icon-list-items\">\n\t\t\t\t\t\t\t<li class=\"elementor-icon-list-item\">\n\t\t\t\t\t\t\t\t\t\t\t<span class=\"elementor-icon-list-icon\">\n\t\t\t\t\t\t\t<i aria-hidden=\"true\" class=\"fas fa-check\"><\/i>\t\t\t\t\t\t<\/span>\n\t\t\t\t\t\t\t\t\t\t<span class=\"elementor-icon-list-text\">Prise de vue Int\u00e9rieur ou Ext\u00e9rieur<\/span>\n\t\t\t\t\t\t\t\t\t<\/li>\n\t\t\t\t\t\t\t\t<li class=\"elementor-icon-list-item\">\n\t\t\t\t\t\t\t\t\t\t\t<span class=\"elementor-icon-list-icon\">\n\t\t\t\t\t\t\t<i aria-hidden=\"true\" class=\"fas fa-check\"><\/i>\t\t\t\t\t\t<\/span>\n\t\t\t\t\t\t\t\t\t\t<span class=\"elementor-icon-list-text\">50 photos trait\u00e9es<\/span>\n\t\t\t\t\t\t\t\t\t<\/li>\n\t\t\t\t\t\t\t\t<li class=\"elementor-icon-list-item\">\n\t\t\t\t\t\t\t\t\t\t\t<span class=\"elementor-icon-list-icon\">\n\t\t\t\t\t\t\t<i aria-hidden=\"true\" class=\"fas fa-check\"><\/i>\t\t\t\t\t\t<\/span>\n\t\t\t\t\t\t\t\t\t\t<span class=\"elementor-icon-list-text\">Galerie web<\/span>\n\t\t\t\t\t\t\t\t\t<\/li>\n\t\t\t\t\t\t<\/ul>\n\t\t\t\t<\/div>\n\t\t\t\t<\/div>\n\t\t\t\t<div class=\"elementor-element elementor-element-57b88857 elementor-widget elementor-widget-heading\" data-id=\"57b88857\" data-element_type=\"widget\" data-widget_type=\"heading.default\">\n\t\t\t\t<div class=\"elementor-widget-container\">\n\t\t\t<h2 class=\"elementor-heading-title elementor-size-default\">350 \u20ac<\/h2>\t\t<\/div>\n\t\t\t\t<\/div>\n\t\t\t\t<div class=\"elementor-element elementor-element-1ef6d0cb elementor-widget elementor-widget-heading\" data-id=\"1ef6d0cb\" data-element_type=\"widget\" data-widget_type=\"heading.default\">\n\t\t\t\t<div class=\"elementor-widget-container\">\n\t\t\t<h2 class=\"elementor-heading-title elementor-size-default\">Divers<\/h2>\t\t<\/div>\n\t\t\t\t<\/div>\n\t\t\t\t<div class=\"elementor-element elementor-element-3c77621d elementor-icon-list--layout-traditional elementor-list-item-link-full_width elementor-widget elementor-widget-icon-list\" data-id=\"3c77621d\" data-element_type=\"widget\" data-widget_type=\"icon-list.default\">\n\t\t\t\t<div class=\"elementor-widget-container\">\n\t\t\t\t\t<ul class=\"elementor-icon-list-items\">\n\t\t\t\t\t\t\t<li class=\"elementor-icon-list-item\">\n\t\t\t\t\t\t\t\t\t\t\t<span class=\"elementor-icon-list-icon\">\n\t\t\t\t\t\t\t<i aria-hidden=\"true\" class=\"fas fa-check\"><\/i>\t\t\t\t\t\t<\/span>\n\t\t\t\t\t\t\t\t\t\t<span class=\"elementor-icon-list-text\">Prise de vue Int\u00e9rieur ou Ext\u00e9rieur<\/span>\n\t\t\t\t\t\t\t\t\t<\/li>\n\t\t\t\t\t\t\t\t<li class=\"elementor-icon-list-item\">\n\t\t\t\t\t\t\t\t\t\t\t<span class=\"elementor-icon-list-icon\">\n\t\t\t\t\t\t\t<i aria-hidden=\"true\" class=\"fas fa-check\"><\/i>\t\t\t\t\t\t<\/span>\n\t\t\t\t\t\t\t\t\t\t<span class=\"elementor-icon-list-text\">50 photos trait\u00e9es<\/span>\n\t\t\t\t\t\t\t\t\t<\/li>\n\t\t\t\t\t\t\t\t<li class=\"elementor-icon-list-item\">\n\t\t\t\t\t\t\t\t\t\t\t<span class=\"elementor-icon-list-icon\">\n\t\t\t\t\t\t\t<i aria-hidden=\"true\" class=\"fas fa-check\"><\/i>\t\t\t\t\t\t<\/span>\n\t\t\t\t\t\t\t\t\t\t<span class=\"elementor-icon-list-text\">Galerie web<\/span>\n\t\t\t\t\t\t\t\t\t<\/li>\n\t\t\t\t\t\t<\/ul>\n\t\t\t\t<\/div>\n\t\t\t\t<\/div>\n\t\t\t\t<div class=\"elementor-element elementor-element-1d045a3a elementor-widget elementor-widget-heading\" data-id=\"1d045a3a\" data-element_type=\"widget\" data-widget_type=\"heading.default\">\n\t\t\t\t<div class=\"elementor-widget-container\">\n\t\t\t<h2 class=\"elementor-heading-title elementor-size-default\">350 \u20ac<\/h2>\t\t<\/div>\n\t\t\t\t<\/div>\n\t\t\t\t\t<\/div>\n\t\t<\/div>\n\t\t\t\t\t<\/div>\n\t\t<\/section>\n\t\t\t\t<\/div>\n\t\t","protected":false},"excerpt":{"rendered":"<p>Ev\u00e8nements priv\u00e9s J&rsquo;aurai \u00e0 coeur de couvrir tous vos \u00e9v\u00e8nements priv\u00e9s. Anniversaires, babyshower, enterrement de vie de jeune fille gar\u00e7on, d\u00e9part retraite &#8230; Confiez moi cette mission pour capturer vos meilleurs moments. Ne r\u00e9servez pas cette mission \u00e0 un de vos invit\u00e9s \u00e0 moins que celui ci soit photographe.&nbsp; Chaque invit\u00e9 doit participer pleinement \u00e0 [&hellip;]<\/p>\n","protected":false},"author":1,"featured_media":0,"parent":0,"menu_order":0,"comment_status":"closed","ping_status":"closed","template":"","meta":[],"yoast_head":"<!-- This site is optimized with the Yoast SEO plugin v19.7.1 - https:\/\/yoast.com\/wordpress\/plugins\/seo\/ -->\n<title>Ev\u00e8nements - karim hachem photographe<\/title>\n<meta name=\"robots\" content=\"index, follow, max-snippet:-1, max-image-preview:large, max-video-preview:-1\" \/>\n<link rel=\"canonical\" href=\"https:\/\/karimhachemphotographie.com\/index.php\/evenements\/\" \/>\n<meta property=\"og:locale\" content=\"fr_FR\" \/>\n<meta property=\"og:type\" content=\"article\" \/>\n<meta property=\"og:title\" content=\"Ev\u00e8nements - karim hachem photographe\" \/>\n<meta property=\"og:description\" content=\"Ev\u00e8nements priv\u00e9s J&rsquo;aurai \u00e0 coeur de couvrir tous vos \u00e9v\u00e8nements priv\u00e9s. Anniversaires, babyshower, enterrement de vie de jeune fille gar\u00e7on, d\u00e9part retraite &#8230; Confiez moi cette mission pour capturer vos meilleurs moments. Ne r\u00e9servez pas cette mission \u00e0 un de vos invit\u00e9s \u00e0 moins que celui ci soit photographe.&nbsp; Chaque invit\u00e9 doit participer pleinement \u00e0 [&hellip;]\" \/>\n<meta property=\"og:url\" content=\"https:\/\/karimhachemphotographie.com\/index.php\/evenements\/\" \/>\n<meta property=\"og:site_name\" content=\"karim hachem photographe\" \/>\n<meta property=\"article:modified_time\" content=\"2023-01-02T23:11:53+00:00\" \/>\n<meta property=\"og:image\" content=\"https:\/\/karimhachemphotographie.com\/wp-content\/uploads\/2022\/08\/15042017-IMG_9890.jpg\" \/>\n<meta name=\"twitter:card\" content=\"summary_large_image\" \/>\n<meta name=\"twitter:label1\" content=\"Dur\u00e9e de lecture estim\u00e9e\" \/>\n\t<meta name=\"twitter:data1\" content=\"2 minutes\" \/>\n<script type=\"application\/ld+json\" class=\"yoast-schema-graph\">{\"@context\":\"https:\/\/schema.org\",\"@graph\":[{\"@type\":\"WebPage\",\"@id\":\"https:\/\/karimhachemphotographie.com\/index.php\/evenements\/\",\"url\":\"https:\/\/karimhachemphotographie.com\/index.php\/evenements\/\",\"name\":\"Ev\u00e8nements - karim hachem photographe\",\"isPartOf\":{\"@id\":\"https:\/\/karimhachemphotographie.com\/#website\"},\"datePublished\":\"2022-08-27T16:04:39+00:00\",\"dateModified\":\"2023-01-02T23:11:53+00:00\",\"breadcrumb\":{\"@id\":\"https:\/\/karimhachemphotographie.com\/index.php\/evenements\/#breadcrumb\"},\"inLanguage\":\"fr-FR\",\"potentialAction\":[{\"@type\":\"ReadAction\",\"target\":[\"https:\/\/karimhachemphotographie.com\/index.php\/evenements\/\"]}]},{\"@type\":\"BreadcrumbList\",\"@id\":\"https:\/\/karimhachemphotographie.com\/index.php\/evenements\/#breadcrumb\",\"itemListElement\":[{\"@type\":\"ListItem\",\"position\":1,\"name\":\"Accueil\",\"item\":\"https:\/\/karimhachemphotographie.com\/\"},{\"@type\":\"ListItem\",\"position\":2,\"name\":\"Ev\u00e8nements\"}]},{\"@type\":\"WebSite\",\"@id\":\"https:\/\/karimhachemphotographie.com\/#website\",\"url\":\"https:\/\/karimhachemphotographie.com\/\",\"name\":\"karim hachem photographe\",\"description\":\"\",\"potentialAction\":[{\"@type\":\"SearchAction\",\"target\":{\"@type\":\"EntryPoint\",\"urlTemplate\":\"https:\/\/karimhachemphotographie.com\/?s={search_term_string}\"},\"query-input\":\"required name=search_term_string\"}],\"inLanguage\":\"fr-FR\"}]}<\/script>\n<!-- \/ Yoast SEO plugin. -->","yoast_head_json":{"title":"Ev\u00e8nements - karim hachem photographe","robots":{"index":"index","follow":"follow","max-snippet":"max-snippet:-1","max-image-preview":"max-image-preview:large","max-video-preview":"max-video-preview:-1"},"canonical":"https:\/\/karimhachemphotographie.com\/index.php\/evenements\/","og_locale":"fr_FR","og_type":"article","og_title":"Ev\u00e8nements - karim hachem photographe","og_description":"Ev\u00e8nements priv\u00e9s J&rsquo;aurai \u00e0 coeur de couvrir tous vos \u00e9v\u00e8nements priv\u00e9s. Anniversaires, babyshower, enterrement de vie de jeune fille gar\u00e7on, d\u00e9part retraite &#8230; Confiez moi cette mission pour capturer vos meilleurs moments. Ne r\u00e9servez pas cette mission \u00e0 un de vos invit\u00e9s \u00e0 moins que celui ci soit photographe.&nbsp; Chaque invit\u00e9 doit participer pleinement \u00e0 [&hellip;]","og_url":"https:\/\/karimhachemphotographie.com\/index.php\/evenements\/","og_site_name":"karim hachem photographe","article_modified_time":"2023-01-02T23:11:53+00:00","og_image":[{"url":"https:\/\/karimhachemphotographie.com\/wp-content\/uploads\/2022\/08\/15042017-IMG_9890.jpg"}],"twitter_card":"summary_large_image","twitter_misc":{"Dur\u00e9e de lecture estim\u00e9e":"2 minutes"},"schema":{"@context":"https:\/\/schema.org","@graph":[{"@type":"WebPage","@id":"https:\/\/karimhachemphotographie.com\/index.php\/evenements\/","url":"https:\/\/karimhachemphotographie.com\/index.php\/evenements\/","name":"Ev\u00e8nements - karim hachem photographe","isPartOf":{"@id":"https:\/\/karimhachemphotographie.com\/#website"},"datePublished":"2022-08-27T16:04:39+00:00","dateModified":"2023-01-02T23:11:53+00:00","breadcrumb":{"@id":"https:\/\/karimhachemphotographie.com\/index.php\/evenements\/#breadcrumb"},"inLanguage":"fr-FR","potentialAction":[{"@type":"ReadAction","target":["https:\/\/karimhachemphotographie.com\/index.php\/evenements\/"]}]},{"@type":"BreadcrumbList","@id":"https:\/\/karimhachemphotographie.com\/index.php\/evenements\/#breadcrumb","itemListElement":[{"@type":"ListItem","position":1,"name":"Accueil","item":"https:\/\/karimhachemphotographie.com\/"},{"@type":"ListItem","position":2,"name":"Ev\u00e8nements"}]},{"@type":"WebSite","@id":"https:\/\/karimhachemphotographie.com\/#website","url":"https:\/\/karimhachemphotographie.com\/","name":"karim hachem photographe","description":"","potentialAction":[{"@type":"SearchAction","target":{"@type":"EntryPoint","urlTemplate":"https:\/\/karimhachemphotographie.com\/?s={search_term_string}"},"query-input":"required name=search_term_string"}],"inLanguage":"fr-FR"}]}},"_links":{"self":[{"href":"https:\/\/karimhachemphotographie.com\/index.php\/wp-json\/wp\/v2\/pages\/321"}],"collection":[{"href":"https:\/\/karimhachemphotographie.com\/index.php\/wp-json\/wp\/v2\/pages"}],"about":[{"href":"https:\/\/karimhachemphotographie.com\/index.php\/wp-json\/wp\/v2\/types\/page"}],"author":[{"embeddable":true,"href":"https:\/\/karimhachemphotographie.com\/index.php\/wp-json\/wp\/v2\/users\/1"}],"replies":[{"embeddable":true,"href":"https:\/\/karimhachemphotographie.com\/index.php\/wp-json\/wp\/v2\/comments?post=321"}],"version-history":[{"count":43,"href":"https:\/\/karimhachemphotographie.com\/index.php\/wp-json\/wp\/v2\/pages\/321\/revisions"}],"predecessor-version":[{"id":3085,"href":"https:\/\/karimhachemphotographie.com\/index.php\/wp-json\/wp\/v2\/pages\/321\/revisions\/3085"}],"wp:attachment":[{"href":"https:\/\/karimhachemphotographie.com\/index.php\/wp-json\/wp\/v2\/media?parent=321"}],"curies":[{"name":"wp","href":"https:\/\/api.w.org\/{rel}","templated":true}]}}