{"id":26,"date":"2022-08-27T01:20:34","date_gmt":"2022-08-27T01:20:34","guid":{"rendered":"https:\/\/karimhachemphotographie.com\/?page_id=26"},"modified":"2023-01-02T23:07:30","modified_gmt":"2023-01-02T23:07:30","slug":"prestations","status":"publish","type":"page","link":"https:\/\/karimhachemphotographie.com\/index.php\/prestations\/","title":{"rendered":"Prestations"},"content":{"rendered":"\t\t<div data-elementor-type=\"wp-page\" data-elementor-id=\"26\" class=\"elementor elementor-26\">\n\t\t\t\t\t\t<section class=\"elementor-section elementor-top-section elementor-element elementor-element-1e26237a elementor-section-content-middle elementor-section-boxed elementor-section-height-default elementor-section-height-default\" data-id=\"1e26237a\" data-element_type=\"section\" data-settings=\"{&quot;background_background&quot;:&quot;classic&quot;}\">\n\t\t\t\t\t\t\t<div class=\"elementor-background-overlay\"><\/div>\n\t\t\t\t\t\t\t<div class=\"elementor-container elementor-column-gap-no\">\n\t\t\t\t\t<div class=\"elementor-column elementor-col-100 elementor-top-column elementor-element elementor-element-196dd61f\" data-id=\"196dd61f\" data-element_type=\"column\">\n\t\t\t<div class=\"elementor-widget-wrap elementor-element-populated\">\n\t\t\t\t\t\t<div class=\"elementor-element elementor-element-67460766 elementor-widget elementor-widget-heading\" data-id=\"67460766\" data-element_type=\"widget\" data-widget_type=\"heading.default\">\n\t\t\t\t<div class=\"elementor-widget-container\">\n\t\t\t<style>\/*! elementor - v3.23.0 - 05-08-2024 *\/\n.elementor-heading-title{padding:0;margin:0;line-height:1}.elementor-widget-heading .elementor-heading-title[class*=elementor-size-]>a{color:inherit;font-size:inherit;line-height:inherit}.elementor-widget-heading .elementor-heading-title.elementor-size-small{font-size:15px}.elementor-widget-heading .elementor-heading-title.elementor-size-medium{font-size:19px}.elementor-widget-heading .elementor-heading-title.elementor-size-large{font-size:29px}.elementor-widget-heading .elementor-heading-title.elementor-size-xl{font-size:39px}.elementor-widget-heading .elementor-heading-title.elementor-size-xxl{font-size:59px}<\/style><h4 class=\"elementor-heading-title elementor-size-default\">Prestations propos\u00e9es<\/h4>\t\t<\/div>\n\t\t\t\t<\/div>\n\t\t\t\t<section class=\"elementor-section elementor-inner-section elementor-element elementor-element-5187bcbb elementor-section-content-middle elementor-section-boxed elementor-section-height-default elementor-section-height-default\" data-id=\"5187bcbb\" data-element_type=\"section\" data-settings=\"{&quot;background_background&quot;:&quot;classic&quot;}\">\n\t\t\t\t\t\t<div class=\"elementor-container elementor-column-gap-default\">\n\t\t\t\t\t<div class=\"elementor-column elementor-col-50 elementor-inner-column elementor-element elementor-element-620cf7eb\" data-id=\"620cf7eb\" data-element_type=\"column\">\n\t\t\t<div class=\"elementor-widget-wrap elementor-element-populated\">\n\t\t\t\t\t\t<div class=\"elementor-element elementor-element-21899a2f elementor-position-top elementor-widget elementor-widget-image-box\" data-id=\"21899a2f\" data-element_type=\"widget\" data-widget_type=\"image-box.default\">\n\t\t\t\t<div class=\"elementor-widget-container\">\n\t\t\t<style>\/*! elementor - v3.23.0 - 05-08-2024 *\/\n.elementor-widget-image-box .elementor-image-box-content{width:100%}@media (min-width:768px){.elementor-widget-image-box.elementor-position-left .elementor-image-box-wrapper,.elementor-widget-image-box.elementor-position-right .elementor-image-box-wrapper{display:flex}.elementor-widget-image-box.elementor-position-right .elementor-image-box-wrapper{text-align:end;flex-direction:row-reverse}.elementor-widget-image-box.elementor-position-left .elementor-image-box-wrapper{text-align:start;flex-direction:row}.elementor-widget-image-box.elementor-position-top .elementor-image-box-img{margin:auto}.elementor-widget-image-box.elementor-vertical-align-top .elementor-image-box-wrapper{align-items:flex-start}.elementor-widget-image-box.elementor-vertical-align-middle .elementor-image-box-wrapper{align-items:center}.elementor-widget-image-box.elementor-vertical-align-bottom .elementor-image-box-wrapper{align-items:flex-end}}@media (max-width:767px){.elementor-widget-image-box .elementor-image-box-img{margin-left:auto!important;margin-right:auto!important;margin-bottom:15px}}.elementor-widget-image-box .elementor-image-box-img{display:inline-block}.elementor-widget-image-box .elementor-image-box-title a{color:inherit}.elementor-widget-image-box .elementor-image-box-wrapper{text-align:center}.elementor-widget-image-box .elementor-image-box-description{margin:0}<\/style><div class=\"elementor-image-box-wrapper\"><figure class=\"elementor-image-box-img\"><a href=\"https:\/\/karimhachemphotographie.com\/index.php\/mariage\/\" tabindex=\"-1\"><img fetchpriority=\"high\" width=\"1700\" height=\"1133\" src=\"https:\/\/karimhachemphotographie.com\/wp-content\/uploads\/2022\/09\/IMG_2942.jpg\" class=\"attachment-full size-full wp-image-1265\" alt=\"\" srcset=\"https:\/\/karimhachemphotographie.com\/wp-content\/uploads\/2022\/09\/IMG_2942.jpg 1700w, https:\/\/karimhachemphotographie.com\/wp-content\/uploads\/2022\/09\/IMG_2942-300x200.jpg 300w, https:\/\/karimhachemphotographie.com\/wp-content\/uploads\/2022\/09\/IMG_2942-1024x682.jpg 1024w, https:\/\/karimhachemphotographie.com\/wp-content\/uploads\/2022\/09\/IMG_2942-768x512.jpg 768w, https:\/\/karimhachemphotographie.com\/wp-content\/uploads\/2022\/09\/IMG_2942-1536x1024.jpg 1536w\" sizes=\"(max-width: 1700px) 100vw, 1700px\" \/><\/a><\/figure><div class=\"elementor-image-box-content\"><h3 class=\"elementor-image-box-title\"><a href=\"https:\/\/karimhachemphotographie.com\/index.php\/mariage\/\">Mariage<\/a><\/h3><\/div><\/div>\t\t<\/div>\n\t\t\t\t<\/div>\n\t\t\t\t\t<\/div>\n\t\t<\/div>\n\t\t\t\t<div class=\"elementor-column elementor-col-50 elementor-inner-column elementor-element elementor-element-75c8e35c\" data-id=\"75c8e35c\" data-element_type=\"column\">\n\t\t\t<div class=\"elementor-widget-wrap elementor-element-populated\">\n\t\t\t\t\t\t<div class=\"elementor-element elementor-element-2ac14d86 elementor-position-top elementor-widget elementor-widget-image-box\" data-id=\"2ac14d86\" data-element_type=\"widget\" data-widget_type=\"image-box.default\">\n\t\t\t\t<div class=\"elementor-widget-container\">\n\t\t\t<div class=\"elementor-image-box-wrapper\"><figure class=\"elementor-image-box-img\"><a href=\"https:\/\/karimhachemphotographie.com\/index.php\/portraits\/\" tabindex=\"-1\"><img width=\"1300\" height=\"867\" src=\"https:\/\/karimhachemphotographie.com\/wp-content\/uploads\/2022\/09\/IMG_3399-Modifier-2.jpg\" class=\"attachment-full size-full wp-image-1324\" alt=\"\" srcset=\"https:\/\/karimhachemphotographie.com\/wp-content\/uploads\/2022\/09\/IMG_3399-Modifier-2.jpg 1300w, https:\/\/karimhachemphotographie.com\/wp-content\/uploads\/2022\/09\/IMG_3399-Modifier-2-300x200.jpg 300w, https:\/\/karimhachemphotographie.com\/wp-content\/uploads\/2022\/09\/IMG_3399-Modifier-2-1024x683.jpg 1024w, https:\/\/karimhachemphotographie.com\/wp-content\/uploads\/2022\/09\/IMG_3399-Modifier-2-768x512.jpg 768w\" sizes=\"(max-width: 1300px) 100vw, 1300px\" \/><\/a><\/figure><div class=\"elementor-image-box-content\"><h3 class=\"elementor-image-box-title\"><a href=\"https:\/\/karimhachemphotographie.com\/index.php\/portraits\/\">Portraits - Couple - Famille<\/a><\/h3><\/div><\/div>\t\t<\/div>\n\t\t\t\t<\/div>\n\t\t\t\t\t<\/div>\n\t\t<\/div>\n\t\t\t\t\t<\/div>\n\t\t<\/section>\n\t\t\t\t<section class=\"elementor-section elementor-inner-section elementor-element elementor-element-70339bb1 elementor-section-content-middle elementor-section-boxed elementor-section-height-default elementor-section-height-default\" data-id=\"70339bb1\" data-element_type=\"section\" data-settings=\"{&quot;background_background&quot;:&quot;classic&quot;}\">\n\t\t\t\t\t\t<div class=\"elementor-container elementor-column-gap-no\">\n\t\t\t\t\t<div class=\"elementor-column elementor-col-50 elementor-inner-column elementor-element elementor-element-2e3524c5\" data-id=\"2e3524c5\" data-element_type=\"column\">\n\t\t\t<div class=\"elementor-widget-wrap elementor-element-populated\">\n\t\t\t\t\t\t<div class=\"elementor-element elementor-element-ab6fe73 elementor-position-top elementor-widget elementor-widget-image-box\" data-id=\"ab6fe73\" data-element_type=\"widget\" data-widget_type=\"image-box.default\">\n\t\t\t\t<div class=\"elementor-widget-container\">\n\t\t\t<div class=\"elementor-image-box-wrapper\"><figure class=\"elementor-image-box-img\"><a href=\"https:\/\/karimhachemphotographie.com\/index.php\/evenements\/\" tabindex=\"-1\"><img width=\"1700\" height=\"1133\" src=\"https:\/\/karimhachemphotographie.com\/wp-content\/uploads\/2022\/08\/15042017-IMG_9890.jpg\" class=\"attachment-full size-full wp-image-314\" alt=\"\" srcset=\"https:\/\/karimhachemphotographie.com\/wp-content\/uploads\/2022\/08\/15042017-IMG_9890.jpg 1700w, https:\/\/karimhachemphotographie.com\/wp-content\/uploads\/2022\/08\/15042017-IMG_9890-300x200.jpg 300w, https:\/\/karimhachemphotographie.com\/wp-content\/uploads\/2022\/08\/15042017-IMG_9890-1024x682.jpg 1024w, https:\/\/karimhachemphotographie.com\/wp-content\/uploads\/2022\/08\/15042017-IMG_9890-768x512.jpg 768w, https:\/\/karimhachemphotographie.com\/wp-content\/uploads\/2022\/08\/15042017-IMG_9890-1536x1024.jpg 1536w\" sizes=\"(max-width: 1700px) 100vw, 1700px\" \/><\/a><\/figure><div class=\"elementor-image-box-content\"><h3 class=\"elementor-image-box-title\"><a href=\"https:\/\/karimhachemphotographie.com\/index.php\/evenements\/\">Ev\u00e8nements Priv\u00e9s<\/a><\/h3><\/div><\/div>\t\t<\/div>\n\t\t\t\t<\/div>\n\t\t\t\t\t<\/div>\n\t\t<\/div>\n\t\t\t\t<div class=\"elementor-column elementor-col-50 elementor-inner-column elementor-element elementor-element-57a9fc90 elementor-hidden-desktop elementor-hidden-tablet elementor-hidden-mobile\" data-id=\"57a9fc90\" data-element_type=\"column\">\n\t\t\t<div class=\"elementor-widget-wrap elementor-element-populated\">\n\t\t\t\t\t\t<div class=\"elementor-element elementor-element-3a2c6de6 elementor-position-top elementor-widget elementor-widget-image-box\" data-id=\"3a2c6de6\" data-element_type=\"widget\" data-widget_type=\"image-box.default\">\n\t\t\t\t<div class=\"elementor-widget-container\">\n\t\t\t<div class=\"elementor-image-box-wrapper\"><figure class=\"elementor-image-box-img\"><a href=\"https:\/\/karimhachemphotographie.com\/index.php\/professionnel\/\" tabindex=\"-1\"><img loading=\"lazy\" width=\"2500\" height=\"1667\" src=\"https:\/\/karimhachemphotographie.com\/wp-content\/uploads\/2022\/09\/MG_4948-2.jpg\" class=\"attachment-full size-full wp-image-1007\" alt=\"\" srcset=\"https:\/\/karimhachemphotographie.com\/wp-content\/uploads\/2022\/09\/MG_4948-2.jpg 2500w, https:\/\/karimhachemphotographie.com\/wp-content\/uploads\/2022\/09\/MG_4948-2-300x200.jpg 300w, https:\/\/karimhachemphotographie.com\/wp-content\/uploads\/2022\/09\/MG_4948-2-1024x683.jpg 1024w, https:\/\/karimhachemphotographie.com\/wp-content\/uploads\/2022\/09\/MG_4948-2-768x512.jpg 768w, https:\/\/karimhachemphotographie.com\/wp-content\/uploads\/2022\/09\/MG_4948-2-1536x1024.jpg 1536w, https:\/\/karimhachemphotographie.com\/wp-content\/uploads\/2022\/09\/MG_4948-2-2048x1366.jpg 2048w\" sizes=\"(max-width: 2500px) 100vw, 2500px\" \/><\/a><\/figure><div class=\"elementor-image-box-content\"><h3 class=\"elementor-image-box-title\"><a href=\"https:\/\/karimhachemphotographie.com\/index.php\/professionnel\/\">Photos Pro<\/a><\/h3><\/div><\/div>\t\t<\/div>\n\t\t\t\t<\/div>\n\t\t\t\t\t<\/div>\n\t\t<\/div>\n\t\t\t\t\t<\/div>\n\t\t<\/section>\n\t\t\t\t\t<\/div>\n\t\t<\/div>\n\t\t\t\t\t<\/div>\n\t\t<\/section>\n\t\t\t\t<\/div>\n\t\t","protected":false},"excerpt":{"rendered":"<p>Prestations propos\u00e9es Mariage Portraits &#8211; Couple &#8211; Famille Ev\u00e8nements Priv\u00e9s Photos Pro<\/p>\n","protected":false},"author":1,"featured_media":0,"parent":0,"menu_order":0,"comment_status":"closed","ping_status":"closed","template":"","meta":[],"yoast_head":"<!-- This site is optimized with the Yoast SEO plugin v19.7.1 - https:\/\/yoast.com\/wordpress\/plugins\/seo\/ -->\n<title>Prestations - karim hachem photographe<\/title>\n<meta name=\"robots\" content=\"index, follow, max-snippet:-1, max-image-preview:large, max-video-preview:-1\" \/>\n<link rel=\"canonical\" href=\"https:\/\/karimhachemphotographie.com\/index.php\/prestations\/\" \/>\n<meta property=\"og:locale\" content=\"fr_FR\" \/>\n<meta property=\"og:type\" content=\"article\" \/>\n<meta property=\"og:title\" content=\"Prestations - karim hachem photographe\" \/>\n<meta property=\"og:description\" content=\"Prestations propos\u00e9es Mariage Portraits &#8211; Couple &#8211; Famille Ev\u00e8nements Priv\u00e9s Photos Pro\" \/>\n<meta property=\"og:url\" content=\"https:\/\/karimhachemphotographie.com\/index.php\/prestations\/\" \/>\n<meta property=\"og:site_name\" content=\"karim hachem photographe\" \/>\n<meta property=\"article:modified_time\" content=\"2023-01-02T23:07:30+00:00\" \/>\n<meta property=\"og:image\" content=\"https:\/\/karimhachemphotographie.com\/wp-content\/uploads\/2022\/09\/IMG_2942.jpg\" \/>\n<meta name=\"twitter:card\" content=\"summary_large_image\" \/>\n<meta name=\"twitter:label1\" content=\"Dur\u00e9e de lecture estim\u00e9e\" \/>\n\t<meta name=\"twitter:data1\" content=\"1 minute\" \/>\n<script type=\"application\/ld+json\" class=\"yoast-schema-graph\">{\"@context\":\"https:\/\/schema.org\",\"@graph\":[{\"@type\":\"WebPage\",\"@id\":\"https:\/\/karimhachemphotographie.com\/index.php\/prestations\/\",\"url\":\"https:\/\/karimhachemphotographie.com\/index.php\/prestations\/\",\"name\":\"Prestations - karim hachem photographe\",\"isPartOf\":{\"@id\":\"https:\/\/karimhachemphotographie.com\/#website\"},\"datePublished\":\"2022-08-27T01:20:34+00:00\",\"dateModified\":\"2023-01-02T23:07:30+00:00\",\"breadcrumb\":{\"@id\":\"https:\/\/karimhachemphotographie.com\/index.php\/prestations\/#breadcrumb\"},\"inLanguage\":\"fr-FR\",\"potentialAction\":[{\"@type\":\"ReadAction\",\"target\":[\"https:\/\/karimhachemphotographie.com\/index.php\/prestations\/\"]}]},{\"@type\":\"BreadcrumbList\",\"@id\":\"https:\/\/karimhachemphotographie.com\/index.php\/prestations\/#breadcrumb\",\"itemListElement\":[{\"@type\":\"ListItem\",\"position\":1,\"name\":\"Accueil\",\"item\":\"https:\/\/karimhachemphotographie.com\/\"},{\"@type\":\"ListItem\",\"position\":2,\"name\":\"Prestations\"}]},{\"@type\":\"WebSite\",\"@id\":\"https:\/\/karimhachemphotographie.com\/#website\",\"url\":\"https:\/\/karimhachemphotographie.com\/\",\"name\":\"karim hachem photographe\",\"description\":\"\",\"potentialAction\":[{\"@type\":\"SearchAction\",\"target\":{\"@type\":\"EntryPoint\",\"urlTemplate\":\"https:\/\/karimhachemphotographie.com\/?s={search_term_string}\"},\"query-input\":\"required name=search_term_string\"}],\"inLanguage\":\"fr-FR\"}]}<\/script>\n<!-- \/ Yoast SEO plugin. -->","yoast_head_json":{"title":"Prestations - karim hachem photographe","robots":{"index":"index","follow":"follow","max-snippet":"max-snippet:-1","max-image-preview":"max-image-preview:large","max-video-preview":"max-video-preview:-1"},"canonical":"https:\/\/karimhachemphotographie.com\/index.php\/prestations\/","og_locale":"fr_FR","og_type":"article","og_title":"Prestations - karim hachem photographe","og_description":"Prestations propos\u00e9es Mariage Portraits &#8211; Couple &#8211; Famille Ev\u00e8nements Priv\u00e9s Photos Pro","og_url":"https:\/\/karimhachemphotographie.com\/index.php\/prestations\/","og_site_name":"karim hachem photographe","article_modified_time":"2023-01-02T23:07:30+00:00","og_image":[{"url":"https:\/\/karimhachemphotographie.com\/wp-content\/uploads\/2022\/09\/IMG_2942.jpg"}],"twitter_card":"summary_large_image","twitter_misc":{"Dur\u00e9e de lecture estim\u00e9e":"1 minute"},"schema":{"@context":"https:\/\/schema.org","@graph":[{"@type":"WebPage","@id":"https:\/\/karimhachemphotographie.com\/index.php\/prestations\/","url":"https:\/\/karimhachemphotographie.com\/index.php\/prestations\/","name":"Prestations - karim hachem photographe","isPartOf":{"@id":"https:\/\/karimhachemphotographie.com\/#website"},"datePublished":"2022-08-27T01:20:34+00:00","dateModified":"2023-01-02T23:07:30+00:00","breadcrumb":{"@id":"https:\/\/karimhachemphotographie.com\/index.php\/prestations\/#breadcrumb"},"inLanguage":"fr-FR","potentialAction":[{"@type":"ReadAction","target":["https:\/\/karimhachemphotographie.com\/index.php\/prestations\/"]}]},{"@type":"BreadcrumbList","@id":"https:\/\/karimhachemphotographie.com\/index.php\/prestations\/#breadcrumb","itemListElement":[{"@type":"ListItem","position":1,"name":"Accueil","item":"https:\/\/karimhachemphotographie.com\/"},{"@type":"ListItem","position":2,"name":"Prestations"}]},{"@type":"WebSite","@id":"https:\/\/karimhachemphotographie.com\/#website","url":"https:\/\/karimhachemphotographie.com\/","name":"karim hachem photographe","description":"","potentialAction":[{"@type":"SearchAction","target":{"@type":"EntryPoint","urlTemplate":"https:\/\/karimhachemphotographie.com\/?s={search_term_string}"},"query-input":"required name=search_term_string"}],"inLanguage":"fr-FR"}]}},"_links":{"self":[{"href":"https:\/\/karimhachemphotographie.com\/index.php\/wp-json\/wp\/v2\/pages\/26"}],"collection":[{"href":"https:\/\/karimhachemphotographie.com\/index.php\/wp-json\/wp\/v2\/pages"}],"about":[{"href":"https:\/\/karimhachemphotographie.com\/index.php\/wp-json\/wp\/v2\/types\/page"}],"author":[{"embeddable":true,"href":"https:\/\/karimhachemphotographie.com\/index.php\/wp-json\/wp\/v2\/users\/1"}],"replies":[{"embeddable":true,"href":"https:\/\/karimhachemphotographie.com\/index.php\/wp-json\/wp\/v2\/comments?post=26"}],"version-history":[{"count":160,"href":"https:\/\/karimhachemphotographie.com\/index.php\/wp-json\/wp\/v2\/pages\/26\/revisions"}],"predecessor-version":[{"id":3082,"href":"https:\/\/karimhachemphotographie.com\/index.php\/wp-json\/wp\/v2\/pages\/26\/revisions\/3082"}],"wp:attachment":[{"href":"https:\/\/karimhachemphotographie.com\/index.php\/wp-json\/wp\/v2\/media?parent=26"}],"curies":[{"name":"wp","href":"https:\/\/api.w.org\/{rel}","templated":true}]}}